{"id":756,"date":"2023-04-04T12:54:53","date_gmt":"2023-04-04T10:54:53","guid":{"rendered":"https:\/\/www.travisanutto.it\/come-nasce-un-mosaico\/"},"modified":"2023-05-16T12:36:55","modified_gmt":"2023-05-16T10:36:55","slug":"come-nasce-un-mosaico","status":"publish","type":"page","link":"https:\/\/www.travisanutto.it\/en\/come-nasce-un-mosaico\/","title":{"rendered":"Come nasce un mosaico"},"content":{"rendered":"<p>[et_pb_section fb_built=&#8221;1&#8243; _builder_version=&#8221;4.20.2&#8243; _module_preset=&#8221;default&#8221; global_colors_info=&#8221;{}&#8221;][et_pb_row _builder_version=&#8221;4.20.2&#8243; _module_preset=&#8221;default&#8221; global_colors_info=&#8221;{}&#8221;][et_pb_column type=&#8221;4_4&#8243; _builder_version=&#8221;4.20.2&#8243; _module_preset=&#8221;default&#8221; global_colors_info=&#8221;{}&#8221;][et_pb_text _builder_version=&#8221;4.20.2&#8243; _module_preset=&#8221;default&#8221; global_colors_info=&#8221;{}&#8221;]<\/p>\n<h3><strong>Gli step fondamentali per creare un\u2019opera d\u2019arte<\/strong><\/h3>\n<p>&nbsp;<\/p>\n<ul>\n<li>Presentazione del disegno\/bozzetto che si intende realizzare in Mosaico e le misure dello spazio che lo ospiter\u00e0.<\/li>\n<li>Stesura del preventivo indicando materiali, tecniche musive e installazione pi\u00f9 adatte al progetto musivo<\/li>\n<li>Preparazione del disegno su carta alla grandezza reale<\/li>\n<li>Fabbricazione del Mosaico Artistico.<\/li>\n<li>Imballo e spedizione<\/li>\n<li>Installazione nella sede finale<\/li>\n<\/ul>\n<p>&nbsp;<\/p>\n<p>Giorgio Vasari, illustre storico dell\u2019arte del 500, defin\u00ec il mosaico \u201c<em>pittura eterna<\/em>\u201d sottolineando quella che da tutti \u00e8 ancor oggi riconosciuta come la peculiarit\u00e0 pi\u00f9 importante di questo linguaggio, la sua durata nel tempo, la resistenza alle intemperie, la permanente bellezza cromatica.<\/p>\n<p>Un Mosaico Artistico nasce sempre da un\u2019idea, ovvero un\u2019immagine che si decide di immortalare con le tessere.<\/p>\n<p>Che si tratti di opera pubblica, privata o religiosa, la scelta del soggetto \u00e8 fondamentale per la buona riuscita del Mosaico finale.<\/p>\n<p>Se il bozzetto si adatta bene allo spazio architettonico che ospiter\u00e0 il Mosaico, non c\u2019\u00e8 dubbio che l\u2019opera d\u2019arte musiva doner\u00e0 armonia e piacere a tutto lo spazio circostante.<\/p>\n<p>Noi della Travisanutto Mosaici abbiamo collaborato e ancor oggi siamo a stretto contatto con artisti di fama internazionale, di vari generi e stili, e ad ognuno offriamo le tecniche pi\u00f9 adatte per tradurre la loro opera in un Mosaico perfetto.<\/p>\n<p>Creiamo opere classiche iper-realistiche, come ritratti, paesaggi o composizioni della natura nelle sue varie forme e colori.<\/p>\n<p>Ma sappiamo anche elaborare Mosaici moderni e astratti, con l\u2019uso di tessere di diversi formati.<\/p>\n<p>Nelle opere religiose siamo maestri nell\u2019arte bizantina, tecnica che segue ferree regole da oltre mille anni, e i nostri lavori sono visibili in alcuni dei luoghi di culto pi\u00f9 importanti al mondo.<\/p>\n<p>Il Santo Sepolcro di Gerusalemme, la Basilica della National Shrine di Washington D.C., la Basilica di Knock in Irlanda, solo per citarne alcuni.<\/p>\n<p>Una volta deciso il bozzetto, comunicate le misure e la collocazione finale, se il Mosaico andr\u00e0 all\u2019esterno o all\u2019interno, se a parete o pavimento, noi saremo in grado di farvi in tempi brevissimi un preventivo.<\/p>\n<p>Vi faremo un\u2019analisi di quali siano le tecniche migliori per la realizzazione del vostro mosaico e quali siano le opzioni per l\u2019installazione dello stesso sul luogo finale.<\/p>\n<p>Vi realizzeremo a mano il disegno in scala reale, sul quale potrete intervenire apportando eventuali modifiche che riterrete opportune e vi mostreremo i materiali che abbiamo a disposizione per fabbricare il vostro Mosaico Artistico.<\/p>\n<p>Con gli Smalti e gli Ori di Murano e Venezia, con i marmi policromi presenti in natura, la scelte cromatiche sono praticamente infinite e possiamo garantirvi che la vostra opera musiva si manterr\u00e0 inalterata per sempre.<\/p>\n<p>Durante la creazione del Mosaico sarete i benvenuti a visitare il nostro studio a Spilimbergo, per seguire la nascita dell\u2019opera in tutte le sue fasi, per cogliere gli affascinanti dettagli e la preziosa manualit\u00e0 che sono alla base di ogni nostro lavoro.<\/p>\n<p>E a Spilimbergo potrete visitare anche la Scuola di Mosaico, gioiello unico al mondo, e godere di un paesaggio incantevole, circondati come siamo dalle meravigliose Alpi, mentre sorseggiate un buon bicchiere di vino con qualche fetta di prosciutto di San Daniele.<\/p>\n<p>Vedrete come oggi sia ancora possibile lavorare manualmente seguendo la tradizione, e potrete verificare tutta la cura che dedichiamo ai nostri Mosaici in ogni fase del lavoro.<\/p>\n<p>Grande attenzione verr\u00e0 dedicata all\u2019imballo e alla spedizione, sia essa per mare o via aerea, come all\u2019installazione che pu\u00f2 prevedere l\u2019invio dei nostri esperti sul luogo finale in caso di necessit\u00e0.<\/p>\n<p>Vi sentirete seguiti e sicuri perch\u00e9 sarete nelle mani di esperti che da decenni affinano la loro capacit\u00e0, migliorandosi costantemente.<\/p>\n<p>I nostri Mosaici Artistici sono sempre pezzi unici, autenticamente Made in Italy.<\/p>\n<p>Hanno l\u2019ambizione di rendere migliori gli spazi che ci circondano e di conseguenza la nostra stessa esistenza.<\/p>\n<p>&nbsp;<\/p>\n<p>Vi aspetto,<\/p>\n<p><em>Fabrizio Travisanutto<\/em><\/p>\n<p>[\/et_pb_text][\/et_pb_column][\/et_pb_row][\/et_pb_section]<\/p>\n","protected":false},"excerpt":{"rendered":"<p>Gli step fondamentali per creare un\u2019opera d\u2019arte &nbsp; Presentazione del disegno\/bozzetto che si intende realizzare in Mosaico e le misure dello spazio che lo ospiter\u00e0. Stesura del preventivo indicando materiali, tecniche musive e installazione pi\u00f9 adatte al progetto musivo Preparazione del disegno su carta alla grandezza reale Fabbricazione del Mosaico Artistico. Imballo e spedizione Installazione [&hellip;]<\/p>\n","protected":false},"author":2,"featured_media":0,"parent":0,"menu_order":0,"comment_status":"closed","ping_status":"closed","template":"","meta":{"_et_pb_use_builder":"on","_et_pb_old_content":"","_et_gb_content_width":"","ngg_post_thumbnail":0,"footnotes":""},"class_list":["post-756","page","type-page","status-publish","hentry"],"yoast_head":"<!-- This site is optimized with the Yoast SEO plugin v20.8 - https:\/\/yoast.com\/wordpress\/plugins\/seo\/ -->\n<title>Come nasce un mosaico - TRAVISANUTTO MOSAICS<\/title>\n<meta name=\"robots\" content=\"index, follow, max-snippet:-1, max-image-preview:large, max-video-preview:-1\" \/>\n<link rel=\"canonical\" href=\"https:\/\/www.travisanutto.it\/en\/come-nasce-un-mosaico\/\" \/>\n<meta property=\"og:locale\" content=\"en_US\" \/>\n<meta property=\"og:type\" content=\"article\" \/>\n<meta property=\"og:title\" content=\"Come nasce un mosaico - TRAVISANUTTO MOSAICS\" \/>\n<meta property=\"og:description\" content=\"Gli step fondamentali per creare un\u2019opera d\u2019arte &nbsp; Presentazione del disegno\/bozzetto che si intende realizzare in Mosaico e le misure dello spazio che lo ospiter\u00e0. Stesura del preventivo indicando materiali, tecniche musive e installazione pi\u00f9 adatte al progetto musivo Preparazione del disegno su carta alla grandezza reale Fabbricazione del Mosaico Artistico. Imballo e spedizione Installazione [&hellip;]\" \/>\n<meta property=\"og:url\" content=\"https:\/\/www.travisanutto.it\/en\/come-nasce-un-mosaico\/\" \/>\n<meta property=\"og:site_name\" content=\"TRAVISANUTTO MOSAICS\" \/>\n<meta property=\"article:modified_time\" content=\"2023-05-16T10:36:55+00:00\" \/>\n<meta name=\"twitter:card\" content=\"summary_large_image\" \/>\n<meta name=\"twitter:label1\" content=\"Est. reading time\" \/>\n\t<meta name=\"twitter:data1\" content=\"4 minutes\" \/>\n<script type=\"application\/ld+json\" class=\"yoast-schema-graph\">{\"@context\":\"https:\/\/schema.org\",\"@graph\":[{\"@type\":\"WebPage\",\"@id\":\"https:\/\/www.travisanutto.it\/en\/come-nasce-un-mosaico\/\",\"url\":\"https:\/\/www.travisanutto.it\/en\/come-nasce-un-mosaico\/\",\"name\":\"Come nasce un mosaico - TRAVISANUTTO MOSAICS\",\"isPartOf\":{\"@id\":\"https:\/\/www.travisanutto.it\/#website\"},\"datePublished\":\"2023-04-04T10:54:53+00:00\",\"dateModified\":\"2023-05-16T10:36:55+00:00\",\"breadcrumb\":{\"@id\":\"https:\/\/www.travisanutto.it\/en\/come-nasce-un-mosaico\/#breadcrumb\"},\"inLanguage\":\"en-US\",\"potentialAction\":[{\"@type\":\"ReadAction\",\"target\":[\"https:\/\/www.travisanutto.it\/en\/come-nasce-un-mosaico\/\"]}]},{\"@type\":\"BreadcrumbList\",\"@id\":\"https:\/\/www.travisanutto.it\/en\/come-nasce-un-mosaico\/#breadcrumb\",\"itemListElement\":[{\"@type\":\"ListItem\",\"position\":1,\"name\":\"Home\",\"item\":\"https:\/\/www.travisanutto.it\/en\/\"},{\"@type\":\"ListItem\",\"position\":2,\"name\":\"Come nasce un mosaico\"}]},{\"@type\":\"WebSite\",\"@id\":\"https:\/\/www.travisanutto.it\/#website\",\"url\":\"https:\/\/www.travisanutto.it\/\",\"name\":\"TRAVISANUTTO MOSAICS\",\"description\":\"\",\"potentialAction\":[{\"@type\":\"SearchAction\",\"target\":{\"@type\":\"EntryPoint\",\"urlTemplate\":\"https:\/\/www.travisanutto.it\/?s={search_term_string}\"},\"query-input\":\"required name=search_term_string\"}],\"inLanguage\":\"en-US\"}]}<\/script>\n<!-- \/ Yoast SEO plugin. -->","yoast_head_json":{"title":"Come nasce un mosaico - TRAVISANUTTO MOSAICS","robots":{"index":"index","follow":"follow","max-snippet":"max-snippet:-1","max-image-preview":"max-image-preview:large","max-video-preview":"max-video-preview:-1"},"canonical":"https:\/\/www.travisanutto.it\/en\/come-nasce-un-mosaico\/","og_locale":"en_US","og_type":"article","og_title":"Come nasce un mosaico - TRAVISANUTTO MOSAICS","og_description":"Gli step fondamentali per creare un\u2019opera d\u2019arte &nbsp; Presentazione del disegno\/bozzetto che si intende realizzare in Mosaico e le misure dello spazio che lo ospiter\u00e0. Stesura del preventivo indicando materiali, tecniche musive e installazione pi\u00f9 adatte al progetto musivo Preparazione del disegno su carta alla grandezza reale Fabbricazione del Mosaico Artistico. Imballo e spedizione Installazione [&hellip;]","og_url":"https:\/\/www.travisanutto.it\/en\/come-nasce-un-mosaico\/","og_site_name":"TRAVISANUTTO MOSAICS","article_modified_time":"2023-05-16T10:36:55+00:00","twitter_card":"summary_large_image","twitter_misc":{"Est. reading time":"4 minutes"},"schema":{"@context":"https:\/\/schema.org","@graph":[{"@type":"WebPage","@id":"https:\/\/www.travisanutto.it\/en\/come-nasce-un-mosaico\/","url":"https:\/\/www.travisanutto.it\/en\/come-nasce-un-mosaico\/","name":"Come nasce un mosaico - TRAVISANUTTO MOSAICS","isPartOf":{"@id":"https:\/\/www.travisanutto.it\/#website"},"datePublished":"2023-04-04T10:54:53+00:00","dateModified":"2023-05-16T10:36:55+00:00","breadcrumb":{"@id":"https:\/\/www.travisanutto.it\/en\/come-nasce-un-mosaico\/#breadcrumb"},"inLanguage":"en-US","potentialAction":[{"@type":"ReadAction","target":["https:\/\/www.travisanutto.it\/en\/come-nasce-un-mosaico\/"]}]},{"@type":"BreadcrumbList","@id":"https:\/\/www.travisanutto.it\/en\/come-nasce-un-mosaico\/#breadcrumb","itemListElement":[{"@type":"ListItem","position":1,"name":"Home","item":"https:\/\/www.travisanutto.it\/en\/"},{"@type":"ListItem","position":2,"name":"Come nasce un mosaico"}]},{"@type":"WebSite","@id":"https:\/\/www.travisanutto.it\/#website","url":"https:\/\/www.travisanutto.it\/","name":"TRAVISANUTTO MOSAICS","description":"","potentialAction":[{"@type":"SearchAction","target":{"@type":"EntryPoint","urlTemplate":"https:\/\/www.travisanutto.it\/?s={search_term_string}"},"query-input":"required name=search_term_string"}],"inLanguage":"en-US"}]}},"_links":{"self":[{"href":"https:\/\/www.travisanutto.it\/en\/wp-json\/wp\/v2\/pages\/756","targetHints":{"allow":["GET"]}}],"collection":[{"href":"https:\/\/www.travisanutto.it\/en\/wp-json\/wp\/v2\/pages"}],"about":[{"href":"https:\/\/www.travisanutto.it\/en\/wp-json\/wp\/v2\/types\/page"}],"author":[{"embeddable":true,"href":"https:\/\/www.travisanutto.it\/en\/wp-json\/wp\/v2\/users\/2"}],"replies":[{"embeddable":true,"href":"https:\/\/www.travisanutto.it\/en\/wp-json\/wp\/v2\/comments?post=756"}],"version-history":[{"count":1,"href":"https:\/\/www.travisanutto.it\/en\/wp-json\/wp\/v2\/pages\/756\/revisions"}],"predecessor-version":[{"id":758,"href":"https:\/\/www.travisanutto.it\/en\/wp-json\/wp\/v2\/pages\/756\/revisions\/758"}],"wp:attachment":[{"href":"https:\/\/www.travisanutto.it\/en\/wp-json\/wp\/v2\/media?parent=756"}],"curies":[{"name":"wp","href":"https:\/\/api.w.org\/{rel}","templated":true}]}}