{"id":1010,"date":"2023-03-28T08:20:05","date_gmt":"2023-03-28T06:20:05","guid":{"rendered":"https:\/\/www.travisanutto.it\/preventivo\/"},"modified":"2023-05-18T12:15:43","modified_gmt":"2023-05-18T10:15:43","slug":"preventivo","status":"publish","type":"page","link":"https:\/\/www.travisanutto.it\/pt-pt\/preventivo\/","title":{"rendered":"Preventiva"},"content":{"rendered":"<p>[et_pb_section fb_built=&#8221;1&#8243; _builder_version=&#8221;4.20.2&#8243; _module_preset=&#8221;default&#8221; background_color=&#8221;#a27e49&#8243; global_colors_info=&#8221;{}&#8221;][et_pb_row _builder_version=&#8221;4.20.2&#8243; _module_preset=&#8221;default&#8221; max_width=&#8221;1280px&#8221; global_colors_info=&#8221;{}&#8221;][et_pb_column type=&#8221;4_4&#8243; _builder_version=&#8221;4.20.2&#8243; _module_preset=&#8221;default&#8221; global_colors_info=&#8221;{}&#8221;][et_pb_text _builder_version=&#8221;4.20.2&#8243; _module_preset=&#8221;default&#8221; header_font=&#8221;Bodoni Moda|700|||||||&#8221; header_text_color=&#8221;#FFFFFF&#8221; header_font_size=&#8221;35px&#8221; hover_enabled=&#8221;0&#8243; global_colors_info=&#8221;{}&#8221; sticky_enabled=&#8221;0&#8243;]<\/p>\n<h1>COMO \u00c9 CRIADO UM MOSAICO \u2013 Para obter um or\u00e7amento<\/h1>\n<p>[\/et_pb_text][\/et_pb_column][\/et_pb_row][\/et_pb_section][et_pb_section fb_built=&#8221;1&#8243; _builder_version=&#8221;4.20.2&#8243; _module_preset=&#8221;default&#8221; custom_margin=&#8221;||0px||false|false&#8221; custom_padding=&#8221;||0px||false|false&#8221; global_colors_info=&#8221;{}&#8221;][et_pb_row _builder_version=&#8221;4.20.2&#8243; _module_preset=&#8221;default&#8221; max_width=&#8221;1280px&#8221; global_colors_info=&#8221;{}&#8221;][et_pb_column type=&#8221;4_4&#8243; _builder_version=&#8221;4.20.2&#8243; _module_preset=&#8221;default&#8221; global_colors_info=&#8221;{}&#8221;][et_pb_text _builder_version=&#8221;4.20.2&#8243; _module_preset=&#8221;default&#8221; text_font=&#8221;Quicksand||||||||&#8221; text_text_color=&#8221;#1e1e1e&#8221; text_font_size=&#8221;15px&#8221; hover_enabled=&#8221;0&#8243; global_colors_info=&#8221;{}&#8221; sticky_enabled=&#8221;0&#8243;]Se voc\u00ea est\u00e1 pensando em fazer um mosaico, se voc\u00ea \u00e9 um artista e recebeu uma encomenda para transformar seu desenho, sua ideia, em um mosaico art\u00edstico, n\u00f3s da Travisanutto Mosaicos podemos te ajudar a transformar todas as suas ideias em realidade.<br \/>\nN\u00e3o importa se o seu Mosaico vai decorar uma c\u00fapula, uma parede, um piso, se vai ficar debaixo d&#8217;\u00e1gua em uma piscina ou no topo de uma montanha entre a neve e o gelo.<br \/>\nPara cada lugar e contexto, oferecemos as melhores solu\u00e7\u00f5es, os melhores materiais, o artesanato mais qualificado do mundo.<br \/>\nPara uma cota\u00e7\u00e3o r\u00e1pida, geralmente podemos responder em algumas horas, aqui est\u00e1 o que precisamos:<br \/>\n1 \u2013 uma imagem do seu esbo\u00e7o, um desenho ou uma fotografia da sua ideia, o que voc\u00ea gostaria de criar no Mosaico.<br \/>\n2 \u2013 as medidas da obra acabada, qual ser\u00e1 o tamanho deste Mosaico.<br \/>\n3 \u2013 Onde ser\u00e1 colocado, se ser\u00e1 mosaico de piso, parede ou teto.<br \/>\nCom essas tr\u00eas informa\u00e7\u00f5es simples, daremos a voc\u00ea uma cota\u00e7\u00e3o precisa, que ser\u00e1 acompanhada de muitas outras informa\u00e7\u00f5es valiosas.<br \/>\nIremos sugerir os materiais mais adequados para o seu Mosaico, dependendo do local onde ser\u00e1 colocado.<br \/>\nDamos-lhe todas as op\u00e7\u00f5es de suportes e adesivos dispon\u00edveis, \u00e9 nossa prioridade tornar a instala\u00e7\u00e3o final o mais f\u00e1cil e r\u00e1pida poss\u00edvel.<br \/>\nQuando temos que criar mosaicos art\u00edsticos em superf\u00edcies curvas, como as c\u00fapulas das igrejas, trabalhamos com a t\u00e9cnica do mosaico de cabe\u00e7a para baixo no papel e depois instalamos com as nossas equipas de instaladores especializados.<br \/>\nSe o mosaico art\u00edstico for destinado a uma parede ou piso reto, na Travisanutto Mosaics j\u00e1 podemos instal\u00e1-lo em nosso ateli\u00ea e entreg\u00e1-lo em se\u00e7\u00f5es em pain\u00e9is de malha ou favo de mel, tornando a instala\u00e7\u00e3o extremamente f\u00e1cil e realiz\u00e1vel por trabalhadores locais.<br \/>\nMas, se preferir, podemos acompanhar a instala\u00e7\u00e3o final enviando nossos especialistas para todo o mundo.<br \/>\nQuando recebemos seu esbo\u00e7o, \u00e9 sempre bom bater um papo. Queremos saber como imagina o seu Mosaico, quais s\u00e3o as suas expectativas, os seus gostos e estamos dispon\u00edveis para criar uma amostra para lhe mostrar qual a t\u00e9cnica que pretendemos utilizar, para que a sua ideia seja concretizada da forma mais fiel poss\u00edvel.<br \/>\nSomos conhecedores de todas as t\u00e9cnicas de mosaico, desde o hiper-realismo cl\u00e1ssico ao moderno mais abstracto, desde o t\u00edpico bizantino das Igrejas Ortodoxas, at\u00e9 \u00e0s c\u00f3pias de antigos mosaicos romanos e todas estas diferentes t\u00e9cnicas est\u00e3o ao seu dispor.<br \/>\nTemos uma grande sala onde ampliamos seu esbo\u00e7o e desenhamos em nosso papel em tamanho real, pronto para ser transformado. Um servi\u00e7o completo, desde o projeto at\u00e9 a instala\u00e7\u00e3o.<br \/>\nPodemos realizar o mosaico com t\u00e9cnica direta ou reversa sobre papel, dependendo do efeito que se deseja obter, tendo sempre em mente o local onde o mosaico ser\u00e1 colocado.<br \/>\nVoc\u00ea est\u00e1 convidado a nos visitar em nosso est\u00fadio, para ver e tocar os milhares de tons dos esmaltes venezianos de Murano, para conhecer pessoalmente os melhores mestres especialistas em mosaico que trabalham conosco, uma equipe de excel\u00eancia absoluta formada ao longo de muitos anos atrav\u00e9s de funciona extraordin\u00e1rio. Aqui voc\u00ea encontrar\u00e1 os melhores artes\u00e3os do mundo, prontos para atend\u00ea-lo e voc\u00ea entender\u00e1 imediatamente assim que entrar pela porta de nossa oficina. Voc\u00ea ver\u00e1 como tudo \u00e9 feito estritamente \u00e0 m\u00e3o, com aten\u00e7\u00e3o absoluta aos m\u00ednimos detalhes.<br \/>\nBuscamos sempre a perfei\u00e7\u00e3o em nossos produtos, e ficar\u00e1 claro para voc\u00ea que nosso pre\u00e7o \u00e9 apenas resultado do trabalho de nossos especialistas Mosaicistas, dos dias de trabalho que esses Mestres dedicar\u00e3o ao seu trabalho, dos materiais preciosos usados \u200b\u200be nada outro.<br \/>\nAo contr\u00e1rio das grandes ind\u00fastrias de mosaicos, obrigadas a vender de baixa qualidade a pre\u00e7os elevados, porque os seus pre\u00e7os incluem tamb\u00e9m os custos de representa\u00e7\u00e3o, showrooms, pessoal de escrit\u00f3rio, marketing e publicidade, a Travisanutto paga apenas a Obra.<br \/>\nA nossa \u00fanica publicidade s\u00e3o os mosaicos que criamos ao longo de muitos anos com dedica\u00e7\u00e3o e paix\u00e3o.<br \/>\nMuitas vezes em obras p\u00fablicas existe um or\u00e7amento a respeitar, e n\u00f3s trataremos de auxili\u00e1-lo tamb\u00e9m no processo de simplifica\u00e7\u00e3o sempre que necess\u00e1rio, dando-lhe alternativas que permitam que o projeto fique dentro dos limites or\u00e7ament\u00e1rios sem perder em beleza e qualidade.<br \/>\nUm Mosaico Art\u00edstico \u00e9 para sempre e permanecer\u00e1 ao longo dos s\u00e9culos para mostrar a sua beleza:<br \/>\nNesse Mosaico, o Artista p\u00f5e o seu nome, N\u00f3s a nossa reputa\u00e7\u00e3o.<br \/>\nCom esta grande responsabilidade, trabalhamos todos os dias com orgulho e unimos o cora\u00e7\u00e3o a esses azulejos coloridos.<br \/>\nEstritamente tudo feito \u00e0 m\u00e3o, exclusivamente Made in Italy.[\/et_pb_text][et_pb_image _builder_version=&#8221;4.20.2&#8243; _module_preset=&#8221;default&#8221; global_colors_info=&#8221;{}&#8221;][\/et_pb_image][\/et_pb_column][\/et_pb_row][\/et_pb_section]<\/p>\n","protected":false},"excerpt":{"rendered":"<p>COMO \u00c9 CRIADO UM MOSAICO \u2013 Para obter um or\u00e7amentoSe voc\u00ea est\u00e1 pensando em fazer um mosaico, se voc\u00ea \u00e9 um artista e recebeu uma encomenda para transformar seu desenho, sua ideia, em um mosaico art\u00edstico, n\u00f3s da Travisanutto Mosaicos podemos te ajudar a transformar todas as suas ideias em realidade. N\u00e3o importa se o [&hellip;]<\/p>\n","protected":false},"author":2,"featured_media":0,"parent":0,"menu_order":0,"comment_status":"closed","ping_status":"closed","template":"","meta":{"_et_pb_use_builder":"on","_et_pb_old_content":"","_et_gb_content_width":"","ngg_post_thumbnail":0,"footnotes":""},"class_list":["post-1010","page","type-page","status-publish","hentry"],"yoast_head":"<!-- This site is optimized with the Yoast SEO plugin v20.8 - https:\/\/yoast.com\/wordpress\/plugins\/seo\/ -->\n<title>Preventiva - TRAVISANUTTO MOSAICS<\/title>\n<meta name=\"robots\" content=\"index, follow, max-snippet:-1, max-image-preview:large, max-video-preview:-1\" \/>\n<link rel=\"canonical\" href=\"https:\/\/www.travisanutto.it\/pt-pt\/preventivo\/\" \/>\n<meta property=\"og:locale\" content=\"pt_PT\" \/>\n<meta property=\"og:type\" content=\"article\" \/>\n<meta property=\"og:title\" content=\"Preventiva - TRAVISANUTTO MOSAICS\" \/>\n<meta property=\"og:description\" content=\"COMO \u00c9 CRIADO UM MOSAICO \u2013 Para obter um or\u00e7amentoSe voc\u00ea est\u00e1 pensando em fazer um mosaico, se voc\u00ea \u00e9 um artista e recebeu uma encomenda para transformar seu desenho, sua ideia, em um mosaico art\u00edstico, n\u00f3s da Travisanutto Mosaicos podemos te ajudar a transformar todas as suas ideias em realidade. N\u00e3o importa se o [&hellip;]\" \/>\n<meta property=\"og:url\" content=\"https:\/\/www.travisanutto.it\/pt-pt\/preventivo\/\" \/>\n<meta property=\"og:site_name\" content=\"TRAVISANUTTO MOSAICS\" \/>\n<meta property=\"article:modified_time\" content=\"2023-05-18T10:15:43+00:00\" \/>\n<meta name=\"twitter:card\" content=\"summary_large_image\" \/>\n<meta name=\"twitter:label1\" content=\"Tempo estimado de leitura\" \/>\n\t<meta name=\"twitter:data1\" content=\"5 minutos\" \/>\n<script type=\"application\/ld+json\" class=\"yoast-schema-graph\">{\"@context\":\"https:\/\/schema.org\",\"@graph\":[{\"@type\":\"WebPage\",\"@id\":\"https:\/\/www.travisanutto.it\/pt-pt\/preventivo\/\",\"url\":\"https:\/\/www.travisanutto.it\/pt-pt\/preventivo\/\",\"name\":\"Preventiva - TRAVISANUTTO MOSAICS\",\"isPartOf\":{\"@id\":\"https:\/\/www.travisanutto.it\/#website\"},\"datePublished\":\"2023-03-28T06:20:05+00:00\",\"dateModified\":\"2023-05-18T10:15:43+00:00\",\"breadcrumb\":{\"@id\":\"https:\/\/www.travisanutto.it\/pt-pt\/preventivo\/#breadcrumb\"},\"inLanguage\":\"pt-PT\",\"potentialAction\":[{\"@type\":\"ReadAction\",\"target\":[\"https:\/\/www.travisanutto.it\/pt-pt\/preventivo\/\"]}]},{\"@type\":\"BreadcrumbList\",\"@id\":\"https:\/\/www.travisanutto.it\/pt-pt\/preventivo\/#breadcrumb\",\"itemListElement\":[{\"@type\":\"ListItem\",\"position\":1,\"name\":\"Home\",\"item\":\"https:\/\/www.travisanutto.it\/pt-pt\/\"},{\"@type\":\"ListItem\",\"position\":2,\"name\":\"Preventiva\"}]},{\"@type\":\"WebSite\",\"@id\":\"https:\/\/www.travisanutto.it\/#website\",\"url\":\"https:\/\/www.travisanutto.it\/\",\"name\":\"TRAVISANUTTO MOSAICS\",\"description\":\"\",\"potentialAction\":[{\"@type\":\"SearchAction\",\"target\":{\"@type\":\"EntryPoint\",\"urlTemplate\":\"https:\/\/www.travisanutto.it\/?s={search_term_string}\"},\"query-input\":\"required name=search_term_string\"}],\"inLanguage\":\"pt-PT\"}]}<\/script>\n<!-- \/ Yoast SEO plugin. -->","yoast_head_json":{"title":"Preventiva - TRAVISANUTTO MOSAICS","robots":{"index":"index","follow":"follow","max-snippet":"max-snippet:-1","max-image-preview":"max-image-preview:large","max-video-preview":"max-video-preview:-1"},"canonical":"https:\/\/www.travisanutto.it\/pt-pt\/preventivo\/","og_locale":"pt_PT","og_type":"article","og_title":"Preventiva - TRAVISANUTTO MOSAICS","og_description":"COMO \u00c9 CRIADO UM MOSAICO \u2013 Para obter um or\u00e7amentoSe voc\u00ea est\u00e1 pensando em fazer um mosaico, se voc\u00ea \u00e9 um artista e recebeu uma encomenda para transformar seu desenho, sua ideia, em um mosaico art\u00edstico, n\u00f3s da Travisanutto Mosaicos podemos te ajudar a transformar todas as suas ideias em realidade. N\u00e3o importa se o [&hellip;]","og_url":"https:\/\/www.travisanutto.it\/pt-pt\/preventivo\/","og_site_name":"TRAVISANUTTO MOSAICS","article_modified_time":"2023-05-18T10:15:43+00:00","twitter_card":"summary_large_image","twitter_misc":{"Tempo estimado de leitura":"5 minutos"},"schema":{"@context":"https:\/\/schema.org","@graph":[{"@type":"WebPage","@id":"https:\/\/www.travisanutto.it\/pt-pt\/preventivo\/","url":"https:\/\/www.travisanutto.it\/pt-pt\/preventivo\/","name":"Preventiva - TRAVISANUTTO MOSAICS","isPartOf":{"@id":"https:\/\/www.travisanutto.it\/#website"},"datePublished":"2023-03-28T06:20:05+00:00","dateModified":"2023-05-18T10:15:43+00:00","breadcrumb":{"@id":"https:\/\/www.travisanutto.it\/pt-pt\/preventivo\/#breadcrumb"},"inLanguage":"pt-PT","potentialAction":[{"@type":"ReadAction","target":["https:\/\/www.travisanutto.it\/pt-pt\/preventivo\/"]}]},{"@type":"BreadcrumbList","@id":"https:\/\/www.travisanutto.it\/pt-pt\/preventivo\/#breadcrumb","itemListElement":[{"@type":"ListItem","position":1,"name":"Home","item":"https:\/\/www.travisanutto.it\/pt-pt\/"},{"@type":"ListItem","position":2,"name":"Preventiva"}]},{"@type":"WebSite","@id":"https:\/\/www.travisanutto.it\/#website","url":"https:\/\/www.travisanutto.it\/","name":"TRAVISANUTTO MOSAICS","description":"","potentialAction":[{"@type":"SearchAction","target":{"@type":"EntryPoint","urlTemplate":"https:\/\/www.travisanutto.it\/?s={search_term_string}"},"query-input":"required name=search_term_string"}],"inLanguage":"pt-PT"}]}},"_links":{"self":[{"href":"https:\/\/www.travisanutto.it\/pt-pt\/wp-json\/wp\/v2\/pages\/1010","targetHints":{"allow":["GET"]}}],"collection":[{"href":"https:\/\/www.travisanutto.it\/pt-pt\/wp-json\/wp\/v2\/pages"}],"about":[{"href":"https:\/\/www.travisanutto.it\/pt-pt\/wp-json\/wp\/v2\/types\/page"}],"author":[{"embeddable":true,"href":"https:\/\/www.travisanutto.it\/pt-pt\/wp-json\/wp\/v2\/users\/2"}],"replies":[{"embeddable":true,"href":"https:\/\/www.travisanutto.it\/pt-pt\/wp-json\/wp\/v2\/comments?post=1010"}],"version-history":[{"count":2,"href":"https:\/\/www.travisanutto.it\/pt-pt\/wp-json\/wp\/v2\/pages\/1010\/revisions"}],"predecessor-version":[{"id":1018,"href":"https:\/\/www.travisanutto.it\/pt-pt\/wp-json\/wp\/v2\/pages\/1010\/revisions\/1018"}],"wp:attachment":[{"href":"https:\/\/www.travisanutto.it\/pt-pt\/wp-json\/wp\/v2\/media?parent=1010"}],"curies":[{"name":"wp","href":"https:\/\/api.w.org\/{rel}","templated":true}]}}