{"id":1053,"date":"2023-03-27T10:19:24","date_gmt":"2023-03-27T08:19:24","guid":{"rendered":"https:\/\/www.travisanutto.it\/contatti\/"},"modified":"2023-05-18T12:41:45","modified_gmt":"2023-05-18T10:41:45","slug":"contatti","status":"publish","type":"page","link":"https:\/\/www.travisanutto.it\/ru\/contatti\/","title":{"rendered":"\u041a\u043e\u043d\u0442\u0430\u043a\u0442\u044b"},"content":{"rendered":"<p>[et_pb_section fb_built=&#187;1&#8243; _builder_version=&#187;4.20.2&#8243; _module_preset=&#187;default&#187; background_color=&#187;#a27e49&#8243; global_colors_info=&#187;{}&#187;][et_pb_row _builder_version=&#187;4.20.2&#8243; _module_preset=&#187;default&#187; max_width=&#187;1280px&#187; global_colors_info=&#187;{}&#187;][et_pb_column type=&#187;4_4&#8243; _builder_version=&#187;4.20.2&#8243; _module_preset=&#187;default&#187; global_colors_info=&#187;{}&#187;][et_pb_text _builder_version=&#187;4.20.2&#8243; _module_preset=&#187;default&#187; header_font=&#187;Bodoni Moda|700|||||||&#187; header_text_color=&#187;#FFFFFF&#187; header_font_size=&#187;40px&#187; hover_enabled=&#187;0&#8243; global_colors_info=&#187;{}&#187; sticky_enabled=&#187;0&#8243;]<\/p>\n<h1>\n\u041a\u043e\u043d\u0442\u0430\u043a\u0442\u044b<\/h1>\n<p>[\/et_pb_text][\/et_pb_column][\/et_pb_row][\/et_pb_section][et_pb_section fb_built=&#187;1&#8243; _builder_version=&#187;4.20.2&#8243; _module_preset=&#187;default&#187; global_colors_info=&#187;{}&#187;][et_pb_row column_structure=&#187;1_2,1_2&#8243; _builder_version=&#187;4.20.2&#8243; _module_preset=&#187;default&#187; max_width=&#187;1280px&#187; global_colors_info=&#187;{}&#187;][et_pb_column type=&#187;1_2&#8243; _builder_version=&#187;4.20.2&#8243; _module_preset=&#187;default&#187; custom_padding=&#187;50px||||false|false&#187; global_colors_info=&#187;{}&#187;][et_pb_blurb title=&#187;\u0410\u0414\u0420\u0415\u0421&#187; use_icon=&#187;on&#187; font_icon=&#187;&#xe081;||divi||400&#8243; icon_color=&#187;#a27e49&#8243; icon_placement=&#187;left&#187; content_max_width=&#187;100%&#187; _builder_version=&#187;4.20.2&#8243; _module_preset=&#187;default&#187; header_font=&#187;Bodoni Moda|700|||||||&#187; header_text_color=&#187;#1e1e1e&#187; header_font_size=&#187;20px&#187; body_font=&#187;Quicksand||||||||&#187; body_text_color=&#187;#1e1e1e&#187; body_font_size=&#187;15px&#187; body_link_font=&#187;Quicksand||||||||&#187; body_link_text_color=&#187;#1e1e1e&#187; custom_margin=&#187;||0px||false|false&#187; custom_padding=&#187;||10px||false|false&#187; link_option_url=&#187;https:\/\/goo.gl\/maps\/deLnYpS3L1KWEbcs7&#8243; hover_enabled=&#187;0&#8243; global_colors_info=&#187;{}&#187; sticky_enabled=&#187;0&#8243;]<\/p>\n<p>Via Giuseppe Marchetti, 8 33097 Spilimbergo (PN)<\/p>\n<p>[\/et_pb_blurb][et_pb_divider color=&#187;#a27e49&#8243; _builder_version=&#187;4.20.2&#8243; _module_preset=&#187;default&#187; custom_margin=&#187;||0px||false|false&#187; custom_padding=&#187;||10px||false|false&#187; global_colors_info=&#187;{}&#187;][\/et_pb_divider][et_pb_blurb title=&#187;\u0422\u0415\u041b\u0415\u0424\u041e\u041d&#187; use_icon=&#187;on&#187; font_icon=&#187;&#xe090;||divi||400&#8243; icon_color=&#187;#a27e49&#8243; icon_placement=&#187;left&#187; content_max_width=&#187;100%&#187; _builder_version=&#187;4.20.2&#8243; _module_preset=&#187;default&#187; header_font=&#187;Bodoni Moda|700|||||||&#187; header_text_color=&#187;#1e1e1e&#187; header_font_size=&#187;20px&#187; body_font=&#187;Quicksand||||||||&#187; body_text_color=&#187;#1e1e1e&#187; body_font_size=&#187;15px&#187; body_link_font=&#187;Quicksand||||||||&#187; body_link_text_color=&#187;#1e1e1e&#187; custom_margin=&#187;||0px||false|false&#187; custom_padding=&#187;||10px||false|false&#187; link_option_url=&#187;tel:+39042740589&#8243; hover_enabled=&#187;0&#8243; locked=&#187;off&#187; global_colors_info=&#187;{}&#187; sticky_enabled=&#187;0&#8243;]<\/p>\n<p><span style=\"text-decoration: underline;\">+39 042740589<\/span><\/p>\n<p>[\/et_pb_blurb][et_pb_divider color=&#187;#a27e49&#8243; _builder_version=&#187;4.20.2&#8243; _module_preset=&#187;default&#187; custom_margin=&#187;||0px||false|false&#187; custom_padding=&#187;||10px||false|false&#187; locked=&#187;off&#187; global_colors_info=&#187;{}&#187;][\/et_pb_divider][et_pb_blurb title=&#187;\u041f\u041e\u0427\u0422\u0410&#187; use_icon=&#187;on&#187; font_icon=&#187;&#xf0e0;||fa||900&#8243; icon_color=&#187;#a27e49&#8243; icon_placement=&#187;left&#187; content_max_width=&#187;100%&#187; _builder_version=&#187;4.20.2&#8243; _module_preset=&#187;default&#187; header_font=&#187;Bodoni Moda|700|||||||&#187; header_text_color=&#187;#1e1e1e&#187; header_font_size=&#187;20px&#187; body_font=&#187;Quicksand||||||||&#187; body_text_color=&#187;#1e1e1e&#187; body_font_size=&#187;15px&#187; body_link_font=&#187;Quicksand||||||||&#187; body_link_text_color=&#187;#1e1e1e&#187; custom_margin=&#187;||0px||false|false&#187; custom_padding=&#187;||10px||false|false&#187; link_option_url=&#187;mailto:info@travisanutto.it&#187; hover_enabled=&#187;0&#8243; locked=&#187;off&#187; global_colors_info=&#187;{}&#187; sticky_enabled=&#187;0&#8243;]<\/p>\n<p><span style=\"text-decoration: underline;\">info@travisanutto.it<\/span><\/p>\n<p>[\/et_pb_blurb][\/et_pb_column][et_pb_column type=&#187;1_2&#8243; _builder_version=&#187;4.20.2&#8243; _module_preset=&#187;default&#187; global_colors_info=&#187;{}&#187;][dvppl_cf7_styler cf7=&#187;12&#8243; _builder_version=&#187;4.20.2&#8243; _module_preset=&#187;default&#187; custom_submit_button=&#187;on&#187; submit_button_text_color=&#187;#FFFFFF&#187; submit_button_bg_color=&#187;#a27e49&#8243; submit_button_border_color=&#187;#a27e49&#8243; submit_button_font=&#187;Quicksand||||||||&#187; submit_button_custom_padding=&#187;10px|35px|10px|35px|true|true&#187; global_colors_info=&#187;{}&#187;][\/dvppl_cf7_styler][\/et_pb_column][\/et_pb_row][\/et_pb_section][et_pb_section fb_built=&#187;1&#8243; fullwidth=&#187;on&#187; _builder_version=&#187;4.20.2&#8243; _module_preset=&#187;default&#187; global_colors_info=&#187;{}&#187;][et_pb_fullwidth_code _builder_version=&#187;4.20.2&#8243; _module_preset=&#187;default&#187; global_colors_info=&#187;{}&#187;]<iframe src=\"https:\/\/www.google.com\/maps\/embed?pb=!1m14!1m8!1m3!1d11062.7623472733!2d12.8881357!3d46.1170721!3m2!1i1024!2i768!4f13.1!3m3!1m2!1s0x477a2ae7cad97911%3A0x12daa8efff3094db!2sTravisanutto%20Giovanni%20SRL%20ARTISTIC%20MOSAICS!5e0!3m2!1sen!2s!4v1679921387725!5m2!1sen!2s\" width=\"100%\" height=\"450\" style=\"border:0;\" allowfullscreen=\"\" loading=\"lazy\" referrerpolicy=\"no-referrer-when-downgrade\"><\/iframe>[\/et_pb_fullwidth_code][\/et_pb_section]<\/p>\n","protected":false},"excerpt":{"rendered":"<p>\u041a\u043e\u043d\u0442\u0430\u043a\u0442\u044bVia Giuseppe Marchetti, 8 33097 Spilimbergo (PN)+39 042740589info@travisanutto.it<div class=\"et_pb_module dvppl_cf7_styler dvppl_cf7_styler_0\">\n\t\t\t\t\n\t\t\t\t\n\t\t\t\t\n\t\t\t\t\n\t\t\t\t\n\t\t\t\t\n\t\t\t\t<div class=\"et_pb_module_inner\">\n\t\t\t\t\t<div class=\"dipe-cf7-container dipe-cf7-button-left\">\n\t\t\t\t\n\t\t\t\t<div class=\"dipe-cf7 dipe-cf7-styler \">\n\t\t\t\t\t\n<div class=\"wpcf7 no-js\" id=\"wpcf7-f12-o1\" lang=\"it-IT\" dir=\"ltr\">\n<div class=\"screen-reader-response\"><p role=\"status\" aria-live=\"polite\" aria-atomic=\"true\"><\/p> <ul><\/ul><\/div>\n<form action=\"\/ru\/wp-json\/wp\/v2\/pages\/1053#wpcf7-f12-o1\" method=\"post\" class=\"wpcf7-form init\" aria-label=\"Modulo di contatto\" novalidate=\"novalidate\" data-status=\"init\">\n<div style=\"display: none;\">\n<input type=\"hidden\" name=\"_wpcf7\" value=\"12\" \/>\n<input type=\"hidden\" name=\"_wpcf7_version\" value=\"5.7.6\" \/>\n<input type=\"hidden\" name=\"_wpcf7_locale\" value=\"it_IT\" \/>\n<input type=\"hidden\" name=\"_wpcf7_unit_tag\" value=\"wpcf7-f12-o1\" \/>\n<input type=\"hidden\" name=\"_wpcf7_container_post\" value=\"0\" \/>\n<input type=\"hidden\" name=\"_wpcf7_posted_data_hash\" value=\"\" \/>\n<input type=\"hidden\" name=\"_wpcf7_recaptcha_response\" value=\"\" \/>\n<\/div>\n<div class=\"riga-flex\">\n\t<p><span class=\"wpcf7-form-control-wrap\" data-name=\"your-name\"><input size=\"40\" class=\"wpcf7-form-control wpcf7-text wpcf7-validates-as-required\" aria-required=\"true\" aria-invalid=\"false\" placeholder=\"Nome*\" value=\"\" type=\"text\" name=\"your-name\" \/><\/span>\n\t<\/p>\n\t<p><span class=\"wpcf7-form-control-wrap\" data-name=\"your-surname\"><input size=\"40\" class=\"wpcf7-form-control wpcf7-text wpcf7-validates-as-required\" aria-required=\"true\" aria-invalid=\"false\" placeholder=\"Cognome*\" value=\"\" type=\"text\" name=\"your-surname\" \/><\/span>\n\t<\/p>\n<\/div>\n<div class=\"riga-flex\">\n\t<p><span class=\"wpcf7-form-control-wrap\" data-name=\"your-phone\"><input size=\"40\" class=\"wpcf7-form-control wpcf7-text wpcf7-tel wpcf7-validates-as-required wpcf7-validates-as-tel\" aria-required=\"true\" aria-invalid=\"false\" placeholder=\"Telefono*\" value=\"\" type=\"tel\" name=\"your-phone\" \/><\/span>\n\t<\/p>\n\t<p><span class=\"wpcf7-form-control-wrap\" data-name=\"your-email\"><input size=\"40\" class=\"wpcf7-form-control wpcf7-text wpcf7-email wpcf7-validates-as-required wpcf7-validates-as-email\" aria-required=\"true\" aria-invalid=\"false\" placeholder=\"E-mail*\" value=\"\" type=\"email\" name=\"your-email\" \/><\/span>\n\t<\/p>\n<\/div>\n<p><span class=\"wpcf7-form-control-wrap\" data-name=\"your-message\"><textarea cols=\"40\" rows=\"10\" class=\"wpcf7-form-control wpcf7-textarea\" aria-invalid=\"false\" placeholder=\"Messaggio\" name=\"your-message\"><\/textarea><\/span>\n<\/p>\n<div class=\"privacy\">\n\t<p>La scrivente fornisce, di seguito, le informazioni riguardanti l\u2019utilizzo dei dati personali da Lei rilasciati attraverso la compilazione di questo form, in osservanza alle norme di cui al Regolamento UE 2016\/679, relativo alla protezione delle persone fisiche con riguardo al trattamento dei dati personali, nonch\u00e9 alla libera circolazione di tali dati (noto anche come GDPR). I dati concernenti la Sua persona, da Lei spontaneamente forniti tramite la compilazione di moduli informatici, vengono raccolti esclusivamente per consentire il contatto con l\u2019azienda e, eventualmente, eseguire il contratto con Lei concluso. Il conferimento, da parte Sua, dei dati in parola ha natura obbligatoria; il suo eventuale rifiuto non ci permetter\u00e0 di fornirLe il prodotto\/servizio da Lei richiesto (potenzialmente esponendoLa a responsabilit\u00e0 per inadempimento contrattuale) e, comunque, di evadere la Sua richiesta. All\u2019interno della nostra struttura potr\u00e0 venire a conoscenza dei dati solo il personale incaricato di effettuare operazioni di trattamento dei dati stessi, sempre per le citate finalit\u00e0. Le ricordiamo inoltre che, facendone apposita richiesta al titolare del trattamento, potr\u00e0 esercitare tutti i diritti previsti dagli articoli da 15 a 22 del predetto Regolamento UE, che Le consentono, in particolare, la facolt\u00e0 di chiedere l\u2019accesso ai dati personali e di estrarne copia (art. 15 GDPR), la rettifica (art. 16 GDPR) e la cancellazione degli stessi (art. 17 GDPR), la limitazione del trattamento che La riguardi (art. 18 GDPR), la portabilit\u00e0 dei dati (art. 20 GDPR, ove ne ricorrano i presupposti) e di opporsi al trattamento che La riguardi (artt. 21 e 22 GDPR, per le ipotesi ivi menzionate e, in particolare, al trattamento per finalit\u00e0 di marketing o che si traduca in un processo decisionale automatizzato, compresa la profilazione, che produca effetti giuridici che lo riguardano, ove ne ricorrano i presupposti). Le ricordiamo, altres\u00ec, il Suo diritto, qualora il trattamento sia basato sul consenso, di revocare detto consenso in qualsiasi momento, senza pregiudicare la liceit\u00e0 del trattamento basata sul consenso prestato prima della revoca; per fare ci\u00f2, pu\u00f2 disiscriversi in ogni momento contattando il titolare del trattamento ai recapiti pubblicati sul sito stesso. La informiamo, inoltre, del diritto di proporre reclamo all\u2019Autorit\u00e0 Garante per la Protezione dei Dati Personali, quale autorit\u00e0 di controllo operante in Italia, e di proporre ricorso giurisdizionale, tanto avverso una decisione dell\u2019Autorit\u00e0 Garante, quanto nei confronti del titolare del trattamento stesso e\/o di un responsabile del trattamento.\n\t<\/p>\n<\/div>\n<p><span class=\"wpcf7-form-control-wrap\" data-name=\"checkbox-899\"><span class=\"wpcf7-form-control wpcf7-checkbox wpcf7-validates-as-required\"><span class=\"wpcf7-list-item first last\"><input type=\"checkbox\" name=\"checkbox-899[]\" value=\"*  Ho letto e accetto le condizioni della Privacy\" \/><span class=\"wpcf7-list-item-label\">*  Ho letto e accetto le condizioni della Privacy<\/span><\/span><\/span><\/span>\n<\/p>\n<p><input class=\"wpcf7-form-control has-spinner wpcf7-submit\" type=\"submit\" value=\"Invia\" \/>\n<\/p><div class=\"wpcf7-response-output\" aria-hidden=\"true\"><\/div>\n<\/form>\n<\/div>\n\n\t\t\t\t<\/div>\n\t\t\t<\/div>\n\t\t\t\t<\/div>\n\t\t\t<\/div><\/p>\n","protected":false},"author":2,"featured_media":0,"parent":0,"menu_order":0,"comment_status":"closed","ping_status":"closed","template":"","meta":{"_et_pb_use_builder":"on","_et_pb_old_content":"","_et_gb_content_width":"","ngg_post_thumbnail":0,"footnotes":""},"class_list":["post-1053","page","type-page","status-publish","hentry"],"yoast_head":"<!-- This site is optimized with the Yoast SEO plugin v20.8 - https:\/\/yoast.com\/wordpress\/plugins\/seo\/ -->\n<title>\u041a\u043e\u043d\u0442\u0430\u043a\u0442\u044b - TRAVISANUTTO MOSAICS<\/title>\n<meta name=\"robots\" content=\"index, follow, max-snippet:-1, max-image-preview:large, max-video-preview:-1\" \/>\n<link rel=\"canonical\" href=\"https:\/\/www.travisanutto.it\/ru\/contatti\/\" \/>\n<meta property=\"og:locale\" content=\"ru_RU\" \/>\n<meta property=\"og:type\" content=\"article\" \/>\n<meta property=\"og:title\" content=\"\u041a\u043e\u043d\u0442\u0430\u043a\u0442\u044b - TRAVISANUTTO MOSAICS\" \/>\n<meta property=\"og:description\" content=\"\u041a\u043e\u043d\u0442\u0430\u043a\u0442\u044bVia Giuseppe Marchetti, 8 33097 Spilimbergo (PN)+39 042740589info@travisanutto.it\" \/>\n<meta property=\"og:url\" content=\"https:\/\/www.travisanutto.it\/ru\/contatti\/\" \/>\n<meta property=\"og:site_name\" content=\"TRAVISANUTTO MOSAICS\" \/>\n<meta property=\"article:modified_time\" content=\"2023-05-18T10:41:45+00:00\" \/>\n<meta name=\"twitter:card\" content=\"summary_large_image\" \/>\n<meta name=\"twitter:label1\" content=\"\u041f\u0440\u0438\u043c\u0435\u0440\u043d\u043e\u0435 \u0432\u0440\u0435\u043c\u044f \u0434\u043b\u044f \u0447\u0442\u0435\u043d\u0438\u044f\" \/>\n\t<meta name=\"twitter:data1\" content=\"1 \u043c\u0438\u043d\u0443\u0442\u0430\" \/>\n<script type=\"application\/ld+json\" class=\"yoast-schema-graph\">{\"@context\":\"https:\/\/schema.org\",\"@graph\":[{\"@type\":\"WebPage\",\"@id\":\"https:\/\/www.travisanutto.it\/ru\/contatti\/\",\"url\":\"https:\/\/www.travisanutto.it\/ru\/contatti\/\",\"name\":\"\u041a\u043e\u043d\u0442\u0430\u043a\u0442\u044b - TRAVISANUTTO MOSAICS\",\"isPartOf\":{\"@id\":\"https:\/\/www.travisanutto.it\/#website\"},\"datePublished\":\"2023-03-27T08:19:24+00:00\",\"dateModified\":\"2023-05-18T10:41:45+00:00\",\"breadcrumb\":{\"@id\":\"https:\/\/www.travisanutto.it\/ru\/contatti\/#breadcrumb\"},\"inLanguage\":\"ru-RU\",\"potentialAction\":[{\"@type\":\"ReadAction\",\"target\":[\"https:\/\/www.travisanutto.it\/ru\/contatti\/\"]}]},{\"@type\":\"BreadcrumbList\",\"@id\":\"https:\/\/www.travisanutto.it\/ru\/contatti\/#breadcrumb\",\"itemListElement\":[{\"@type\":\"ListItem\",\"position\":1,\"name\":\"Home\",\"item\":\"https:\/\/www.travisanutto.it\/ru\/\"},{\"@type\":\"ListItem\",\"position\":2,\"name\":\"\u041a\u043e\u043d\u0442\u0430\u043a\u0442\u044b\"}]},{\"@type\":\"WebSite\",\"@id\":\"https:\/\/www.travisanutto.it\/#website\",\"url\":\"https:\/\/www.travisanutto.it\/\",\"name\":\"TRAVISANUTTO MOSAICS\",\"description\":\"\",\"potentialAction\":[{\"@type\":\"SearchAction\",\"target\":{\"@type\":\"EntryPoint\",\"urlTemplate\":\"https:\/\/www.travisanutto.it\/?s={search_term_string}\"},\"query-input\":\"required name=search_term_string\"}],\"inLanguage\":\"ru-RU\"}]}<\/script>\n<!-- \/ Yoast SEO plugin. -->","yoast_head_json":{"title":"\u041a\u043e\u043d\u0442\u0430\u043a\u0442\u044b - TRAVISANUTTO MOSAICS","robots":{"index":"index","follow":"follow","max-snippet":"max-snippet:-1","max-image-preview":"max-image-preview:large","max-video-preview":"max-video-preview:-1"},"canonical":"https:\/\/www.travisanutto.it\/ru\/contatti\/","og_locale":"ru_RU","og_type":"article","og_title":"\u041a\u043e\u043d\u0442\u0430\u043a\u0442\u044b - TRAVISANUTTO MOSAICS","og_description":"\u041a\u043e\u043d\u0442\u0430\u043a\u0442\u044bVia Giuseppe Marchetti, 8 33097 Spilimbergo (PN)+39 042740589info@travisanutto.it","og_url":"https:\/\/www.travisanutto.it\/ru\/contatti\/","og_site_name":"TRAVISANUTTO MOSAICS","article_modified_time":"2023-05-18T10:41:45+00:00","twitter_card":"summary_large_image","twitter_misc":{"\u041f\u0440\u0438\u043c\u0435\u0440\u043d\u043e\u0435 \u0432\u0440\u0435\u043c\u044f \u0434\u043b\u044f \u0447\u0442\u0435\u043d\u0438\u044f":"1 \u043c\u0438\u043d\u0443\u0442\u0430"},"schema":{"@context":"https:\/\/schema.org","@graph":[{"@type":"WebPage","@id":"https:\/\/www.travisanutto.it\/ru\/contatti\/","url":"https:\/\/www.travisanutto.it\/ru\/contatti\/","name":"\u041a\u043e\u043d\u0442\u0430\u043a\u0442\u044b - TRAVISANUTTO MOSAICS","isPartOf":{"@id":"https:\/\/www.travisanutto.it\/#website"},"datePublished":"2023-03-27T08:19:24+00:00","dateModified":"2023-05-18T10:41:45+00:00","breadcrumb":{"@id":"https:\/\/www.travisanutto.it\/ru\/contatti\/#breadcrumb"},"inLanguage":"ru-RU","potentialAction":[{"@type":"ReadAction","target":["https:\/\/www.travisanutto.it\/ru\/contatti\/"]}]},{"@type":"BreadcrumbList","@id":"https:\/\/www.travisanutto.it\/ru\/contatti\/#breadcrumb","itemListElement":[{"@type":"ListItem","position":1,"name":"Home","item":"https:\/\/www.travisanutto.it\/ru\/"},{"@type":"ListItem","position":2,"name":"\u041a\u043e\u043d\u0442\u0430\u043a\u0442\u044b"}]},{"@type":"WebSite","@id":"https:\/\/www.travisanutto.it\/#website","url":"https:\/\/www.travisanutto.it\/","name":"TRAVISANUTTO MOSAICS","description":"","potentialAction":[{"@type":"SearchAction","target":{"@type":"EntryPoint","urlTemplate":"https:\/\/www.travisanutto.it\/?s={search_term_string}"},"query-input":"required name=search_term_string"}],"inLanguage":"ru-RU"}]}},"_links":{"self":[{"href":"https:\/\/www.travisanutto.it\/ru\/wp-json\/wp\/v2\/pages\/1053","targetHints":{"allow":["GET"]}}],"collection":[{"href":"https:\/\/www.travisanutto.it\/ru\/wp-json\/wp\/v2\/pages"}],"about":[{"href":"https:\/\/www.travisanutto.it\/ru\/wp-json\/wp\/v2\/types\/page"}],"author":[{"embeddable":true,"href":"https:\/\/www.travisanutto.it\/ru\/wp-json\/wp\/v2\/users\/2"}],"replies":[{"embeddable":true,"href":"https:\/\/www.travisanutto.it\/ru\/wp-json\/wp\/v2\/comments?post=1053"}],"version-history":[{"count":2,"href":"https:\/\/www.travisanutto.it\/ru\/wp-json\/wp\/v2\/pages\/1053\/revisions"}],"predecessor-version":[{"id":1065,"href":"https:\/\/www.travisanutto.it\/ru\/wp-json\/wp\/v2\/pages\/1053\/revisions\/1065"}],"wp:attachment":[{"href":"https:\/\/www.travisanutto.it\/ru\/wp-json\/wp\/v2\/media?parent=1053"}],"curies":[{"name":"wp","href":"https:\/\/api.w.org\/{rel}","templated":true}]}}